{"id":4400,"date":"2021-10-12T15:51:09","date_gmt":"2021-10-12T15:51:09","guid":{"rendered":"http:\/\/dummy.xtemos.com\/woodmart2\/elementor\/?page_id=4400"},"modified":"2024-01-17T18:39:50","modified_gmt":"2024-01-17T18:39:50","slug":"about-us-3","status":"publish","type":"page","link":"https:\/\/aqua-win.az\/index.php\/about-us-3\/","title":{"rendered":"Haqq\u0131m\u0131zda"},"content":{"rendered":"\t\t<div data-elementor-type=\"wp-page\" data-elementor-id=\"4400\" class=\"elementor elementor-4400\">\n\t\t\t\t<div class=\"elementor-element elementor-element-d6ae554 e-flex e-con-boxed e-con e-parent\" data-id=\"d6ae554\" data-element_type=\"container\">\n\t\t\t\t\t<div class=\"e-con-inner\">\n\t\t\t\t<div class=\"elementor-element elementor-element-36ad642 elementor-widget__width-initial wd-width-100 elementor-widget elementor-widget-wd_title\" data-id=\"36ad642\" data-element_type=\"widget\" data-widget_type=\"wd_title.default\">\n\t\t\t\t<div class=\"elementor-widget-container\">\n\t\t\t\t\t<div class=\"title-wrapper set-mb-s reset-last-child wd-title-color-primary wd-title-style-default wd-title-size-large text-center\">\n\n\t\t\t\t\t\t\t<div class=\"title-subtitle subtitle-color-primary subtitle-style-default wd-fontsize-xs\">\n\t\t\t\t\tAQUA WIN\t\t\t\t<\/div>\n\t\t\t\n\t\t\t<div class=\"liner-continer\">\n\t\t\t\t<h4 class=\"woodmart-title-container title wd-fontsize-xxl\">KEYF\u0130YY\u018fT V\u018f M\u00dc\u015eT\u018fR\u0130 M\u018fMNUN\u0130YY\u018fT\u0130<\/h4> \n\t\t\t\t\t\t\t<\/div>\n\n\t\t\t\t\t<\/div>\n\t\t\t\t<\/div>\n\t\t\t\t<\/div>\n\t\t\t\t\t<\/div>\n\t\t\t\t<\/div>\n\t\t<div class=\"elementor-element elementor-element-8937bc9 wd-section-stretch e-flex e-con-boxed e-con e-parent\" data-id=\"8937bc9\" data-element_type=\"container\" data-settings=\"{&quot;background_background&quot;:&quot;classic&quot;}\">\n\t\t\t\t\t<div class=\"e-con-inner\">\n\t\t\t\t<div class=\"elementor-element elementor-element-e443324 elementor-widget elementor-widget-spacer\" data-id=\"e443324\" data-element_type=\"widget\" data-widget_type=\"spacer.default\">\n\t\t\t\t<div class=\"elementor-widget-container\">\n\t\t\t\t\t<div class=\"elementor-spacer\">\n\t\t\t<div class=\"elementor-spacer-inner\"><\/div>\n\t\t<\/div>\n\t\t\t\t<\/div>\n\t\t\t\t<\/div>\n\t\t\t\t<div class=\"elementor-element elementor-element-1d49717 elementor-widget elementor-widget-wd_text_block\" data-id=\"1d49717\" data-element_type=\"widget\" data-widget_type=\"wd_text_block.default\">\n\t\t\t\t<div class=\"elementor-widget-container\">\n\t\t\t\t\t<div class=\"wd-text-block reset-last-child text-center\">\n\t\t\t\n\t\t\t<p>\"Luxe Life Group\" olaraq firmam\u0131z Az\u0259rbaycanda 2010-cu ild\u0259n etibar\u0259n xidm\u0259t verm\u0259y\u0259 ba\u015flam\u0131\u015fd\u0131r. \u015eirk\u0259timiz quyu suyu, ac\u0131 sular, d\u0259niz sular\u0131, \u00e7irkab sular, tullant\u0131 sular\u0131, tibbi sular (distill\u0259 olunmu\u015f) v\u0259 dig\u0259r su sisteml\u0259ri \u00fczr\u0259 sifari\u015f\u00e7il\u0259rin s\u0259naye v\u0259 ev tipli su t\u0259mizl\u0259m\u0259 sah\u0259sind\u0259ki ist\u0259k v\u0259 m\u0259mnuniy\u0259tini \u00f6n planda tutaraq daim \u0259n pe\u015f\u0259kar v\u0259 ideal \u00e7\u00f6z\u00fcml\u0259r ortaya qoymaqdad\u0131r. \u018fm\u0259kda\u015fl\u0131q etdiyimiz \u015firk\u0259tl\u0259r: Aqua-Win, Luxe, AquaFactory, Hidrotek, Okean, Ersutek kimi su t\u0259mizl\u0259m\u0259 sisteml\u0259ri \u00fczr\u0259 d\u00fcnyaca m\u0259\u015fhur brendl\u0259rdir. Sifari\u015f h\u0259cmind\u0259n as\u0131l\u0131 olmayaraq b\u00fct\u00fcn sifari\u015f\u00e7il\u0259rimiz\u0259 y\u00fcks\u0259k texniki d\u0259st\u0259k, layih\u0259l\u0259ndirm\u0259 xidm\u0259tl\u0259ri v\u0259 servis z\u0259man\u0259ti veririk. H\u0259d\u0259fimiz sad\u0259c\u0259 sat\u0131\u015f deyil, sat\u0131\u015f sonras\u0131 xidm\u0259ti y\u00fcks\u0259k s\u0259viyy\u0259d\u0259 davam etdirm\u0259kdir. Su t\u0259mizl\u0259m\u0259 v\u0259 ar\u0131tmada t\u0259tbiq etdiyimiz sisteml\u0259r Elektronik PLC n\u0259zar\u0259t sistemli tam avtomatik, yar\u0131-avtomatik v\u0259 manual Reverse Osmosys, Ultra b\u0259n\u00f6v\u015f\u0259yi \u015f\u00fcaland\u0131rma (UV), Yum\u015faltma, \u00c7\u00f6k\u00fcnt\u00fc, Mexaniki t\u0259mizl\u0259m\u0259, Bioloji v\u0259 Kimy\u0259vi t\u0259mizl\u0259m\u0259, Dealkalizasiya, Aktiv karbon, Deionizasiya, Neytralla\u015fd\u0131rma, Fresh Ozon generator sisteml\u0259ri. Xidm\u0259tl\u0259rimiz 50 lt\/saatdan 1 000 000 lt\/saata q\u0259d\u0259r t\u0259k sistem, tandem v\u0259 ya qrup layih\u0259l\u0259ri \u0259hat\u0259 edir<br \/>-<\/p>\n\t\t\t\t\t<\/div>\n\t\t\t\t<\/div>\n\t\t\t\t<\/div>\n\t\t\t\t\t<\/div>\n\t\t\t\t<\/div>\n\t\t\t\t<\/div>\n\t\t","protected":false},"excerpt":{"rendered":"<p>AQUA WIN KEYF\u0130YY\u018fT V\u018f M\u00dc\u015eT\u018fR\u0130 M\u018fMNUN\u0130YY\u018fT\u0130 &#8220;Luxe Life Group&#8221; olaraq firmam\u0131z Az\u0259rbaycanda 2010-cu ild\u0259n etibar\u0259n xidm\u0259t verm\u0259y\u0259 ba\u015flam\u0131\u015fd\u0131r. \u015eirk\u0259timiz quyu<\/p>\n","protected":false},"author":1,"featured_media":0,"parent":0,"menu_order":0,"comment_status":"closed","ping_status":"closed","template":"","meta":{"footnotes":""},"class_list":["post-4400","page","type-page","status-publish","hentry"],"_links":{"self":[{"href":"https:\/\/aqua-win.az\/index.php\/wp-json\/wp\/v2\/pages\/4400","targetHints":{"allow":["GET"]}}],"collection":[{"href":"https:\/\/aqua-win.az\/index.php\/wp-json\/wp\/v2\/pages"}],"about":[{"href":"https:\/\/aqua-win.az\/index.php\/wp-json\/wp\/v2\/types\/page"}],"author":[{"embeddable":true,"href":"https:\/\/aqua-win.az\/index.php\/wp-json\/wp\/v2\/users\/1"}],"replies":[{"embeddable":true,"href":"https:\/\/aqua-win.az\/index.php\/wp-json\/wp\/v2\/comments?post=4400"}],"version-history":[{"count":34,"href":"https:\/\/aqua-win.az\/index.php\/wp-json\/wp\/v2\/pages\/4400\/revisions"}],"predecessor-version":[{"id":16155,"href":"https:\/\/aqua-win.az\/index.php\/wp-json\/wp\/v2\/pages\/4400\/revisions\/16155"}],"wp:attachment":[{"href":"https:\/\/aqua-win.az\/index.php\/wp-json\/wp\/v2\/media?parent=4400"}],"curies":[{"name":"wp","href":"https:\/\/api.w.org\/{rel}","templated":true}]}}