{"id":15765,"date":"2024-01-13T16:18:33","date_gmt":"2024-01-13T16:18:33","guid":{"rendered":"https:\/\/aqua-win.az\/?post_type=product&#038;p=15765"},"modified":"2024-01-23T14:15:30","modified_gmt":"2024-01-23T14:15:30","slug":"hy-5099","status":"publish","type":"product","link":"https:\/\/aqua-win.az\/index.php\/product\/hy-5099\/","title":{"rendered":"HY-5099"},"content":{"rendered":"","protected":false},"excerpt":{"rendered":"<p>Counter-Top v\u0259 Under-Counter \u00fcz\u0259rind\u0259 yerl\u0259\u015fdiril\u0259 bil\u0259r. Rahat da\u015f\u0131nma \u00fc\u00e7\u00fcn z\u0259rif \u015f\u0259kild\u0259 haz\u0131rlanm\u0131\u015fd\u0131r, siz\u0259 laz\u0131m olan h\u0259r \u015fey bu qutunun i\u00e7\u0259risind\u0259dir.<\/p>\n","protected":false},"featured_media":16201,"comment_status":"closed","ping_status":"closed","template":"","meta":[],"product_cat":[20],"product_tag":[],"class_list":{"0":"post-15765","1":"product","2":"type-product","3":"status-publish","4":"has-post-thumbnail","6":"product_cat-su-filteri-cihazi","8":"first","9":"instock","10":"shipping-taxable","11":"purchasable","12":"product-type-simple"},"_links":{"self":[{"href":"https:\/\/aqua-win.az\/index.php\/wp-json\/wp\/v2\/product\/15765","targetHints":{"allow":["GET"]}}],"collection":[{"href":"https:\/\/aqua-win.az\/index.php\/wp-json\/wp\/v2\/product"}],"about":[{"href":"https:\/\/aqua-win.az\/index.php\/wp-json\/wp\/v2\/types\/product"}],"replies":[{"embeddable":true,"href":"https:\/\/aqua-win.az\/index.php\/wp-json\/wp\/v2\/comments?post=15765"}],"version-history":[{"count":4,"href":"https:\/\/aqua-win.az\/index.php\/wp-json\/wp\/v2\/product\/15765\/revisions"}],"predecessor-version":[{"id":16205,"href":"https:\/\/aqua-win.az\/index.php\/wp-json\/wp\/v2\/product\/15765\/revisions\/16205"}],"wp:featuredmedia":[{"embeddable":true,"href":"https:\/\/aqua-win.az\/index.php\/wp-json\/wp\/v2\/media\/16201"}],"wp:attachment":[{"href":"https:\/\/aqua-win.az\/index.php\/wp-json\/wp\/v2\/media?parent=15765"}],"wp:term":[{"taxonomy":"product_cat","embeddable":true,"href":"https:\/\/aqua-win.az\/index.php\/wp-json\/wp\/v2\/product_cat?post=15765"},{"taxonomy":"product_tag","embeddable":true,"href":"https:\/\/aqua-win.az\/index.php\/wp-json\/wp\/v2\/product_tag?post=15765"}],"curies":[{"name":"wp","href":"https:\/\/api.w.org\/{rel}","templated":true}]}}