{"id":16289,"date":"2025-03-05T12:10:49","date_gmt":"2025-03-05T12:10:49","guid":{"rendered":"https:\/\/aqua-win.az\/?post_type=product&#038;p=16289"},"modified":"2025-03-05T12:11:05","modified_gmt":"2025-03-05T12:11:05","slug":"3-modlu-dus-basligi","status":"publish","type":"product","link":"https:\/\/aqua-win.az\/index.php\/product\/3-modlu-dus-basligi\/","title":{"rendered":"3 modlu du\u015f ba\u015fl\u0131\u011f\u0131"},"content":{"rendered":"<ul class=\"product-single___list tt-list tt-list__color01\">\n<li>Ekoloji c\u0259h\u0259td\u0259n t\u0259miz du\u015f ba\u015fl\u0131\u011f\u0131 suda qal\u0131q \u00e7irkl\u0259ri azaltmaq \u00fc\u00e7\u00fcn filtr da\u015flar\u0131ndan istifad\u0259 edir. Quru d\u0259rini yax\u015f\u0131la\u015fd\u0131r\u0131n, h\u00fcceyr\u0259 canl\u0131l\u0131\u011f\u0131n\u0131 art\u0131r\u0131n, d\u0259rini hamarla\u015fd\u0131r\u0131n v\u0259 sa\u00e7 t\u00f6k\u00fclm\u0259sini azald\u0131n.<\/li>\n<li>Bir d\u00fcym\u0259 il\u0259 dayanma funksiyaas\u0131 dizayn\u0131 du\u015f ba\u015fl\u0131\u011f\u0131ndan ax\u0131n\u0131 dayand\u0131rma\u011fa n\u0259zar\u0259t etm\u0259yi asanla\u015fd\u0131r\u0131r, klapan\u0131 ba\u011flama\u011fa v\u0259 suyun temperaturunu yenid\u0259n t\u0259nziml\u0259m\u0259y\u0259 ehtiyac yoxdur, bu da du\u015f \u00fc\u00e7\u00fcn rahatl\u0131q g\u0259tir\u0259c\u0259k. X\u00fcsusil\u0259 b\u00f6y\u00fckl\u0259r, \u0259lill\u0259r, k\u00f6rp\u0259l\u0259r, k\u00f6rp\u0259l\u0259r \u00fc\u00e7\u00fcn uy\u011fundur, RV \u0259l du\u015f ba\u015fl\u0131\u011f\u0131 kimi istifad\u0259 edil\u0259 bil\u0259r.<\/li>\n<li>3 Sprey Rejimin\u0259 daxildir: Ya\u011f\u0131\u015f \/ Masaj \/ Qar\u0131\u015f\u0131q, h\u0259r rejim sizin \u00fc\u00e7\u00fcn x\u00fcsusi du\u015f t\u0259cr\u00fcb\u0259sidir. D\u0259rini almaq \u00fc\u00e7\u00fcn su inc\u0259, s\u0131x v\u0259 hamard\u0131r, z\u0259rif v\u0259 rahat hiss edir. Siz v\u0259 ail\u0259niz evd\u0259 t\u0259bii spadan h\u0259zz al\u0131n.<\/li>\n<li>Mikro nozzle texnologiyas\u0131 \u00e7\u0131x\u0131\u015f delikl\u0259rini daha ki\u00e7ik v\u0259 s\u0131x edir, su ax\u0131n\u0131 s\u00fcr\u0259tini art\u0131r\u0131r v\u0259 bununla da suyun t\u0259zyiqini art\u0131r\u0131r. H\u0259m d\u0259 suya q\u0259na\u0259t edir. Korroziyaya davaml\u0131 s\u0259th \u00f6rt\u00fcy\u00fc, pas yoxdur.<\/li>\n<li>M\u00f6t\u0259riz\u0259nin t\u0259nziml\u0259n\u0259n f\u0131rlanan top birl\u0259\u015fm\u0259si 360 d\u0259r\u0259c\u0259 f\u0131rlana bil\u0259r, 4,92 fut paslanmayan polad \u015flanq, Bonus: A\u015fa\u011f\u0131 \u018fl\u00e7atan Du\u015f \u00c7ubu\u011fu Sahibi il\u0259 birlikd\u0259 verilir. Al\u0259tsiz \u0259laq\u0259 d\u0259qiq\u0259l\u0259r \u00e7\u0259kir, he\u00e7 bir santexnik t\u0259l\u0259b olunmur. \u018fl du\u015f ba\u015fl\u0131\u011f\u0131n\u0131 m\u00f6vcud G1\/2\u2033 du\u015f qolunuza \u0259lav\u0259 etm\u0259k \u00fc\u00e7\u00fcn b\u00fct\u00fcn laz\u0131mi komponentl\u0259ri daxil etdik.<\/li>\n<\/ul>\n","protected":false},"excerpt":{"rendered":"<p>Ekoloji c\u0259h\u0259td\u0259n t\u0259miz du\u015f ba\u015fl\u0131\u011f\u0131 suda qal\u0131q \u00e7irkl\u0259ri azaltmaq \u00fc\u00e7\u00fcn filtr da\u015flar\u0131ndan istifad\u0259 edir. Quru d\u0259rini yax\u015f\u0131la\u015fd\u0131r\u0131n, h\u00fcceyr\u0259 canl\u0131l\u0131\u011f\u0131n\u0131 art\u0131r\u0131n,<\/p>\n","protected":false},"featured_media":16290,"comment_status":"closed","ping_status":"closed","template":"","meta":[],"product_cat":[20],"product_tag":[],"class_list":{"0":"post-16289","1":"product","2":"type-product","3":"status-publish","4":"has-post-thumbnail","6":"product_cat-su-filteri-cihazi","8":"first","9":"instock","10":"shipping-taxable","11":"product-type-simple"},"_links":{"self":[{"href":"https:\/\/aqua-win.az\/index.php\/wp-json\/wp\/v2\/product\/16289","targetHints":{"allow":["GET"]}}],"collection":[{"href":"https:\/\/aqua-win.az\/index.php\/wp-json\/wp\/v2\/product"}],"about":[{"href":"https:\/\/aqua-win.az\/index.php\/wp-json\/wp\/v2\/types\/product"}],"replies":[{"embeddable":true,"href":"https:\/\/aqua-win.az\/index.php\/wp-json\/wp\/v2\/comments?post=16289"}],"version-history":[{"count":1,"href":"https:\/\/aqua-win.az\/index.php\/wp-json\/wp\/v2\/product\/16289\/revisions"}],"predecessor-version":[{"id":16291,"href":"https:\/\/aqua-win.az\/index.php\/wp-json\/wp\/v2\/product\/16289\/revisions\/16291"}],"wp:featuredmedia":[{"embeddable":true,"href":"https:\/\/aqua-win.az\/index.php\/wp-json\/wp\/v2\/media\/16290"}],"wp:attachment":[{"href":"https:\/\/aqua-win.az\/index.php\/wp-json\/wp\/v2\/media?parent=16289"}],"wp:term":[{"taxonomy":"product_cat","embeddable":true,"href":"https:\/\/aqua-win.az\/index.php\/wp-json\/wp\/v2\/product_cat?post=16289"},{"taxonomy":"product_tag","embeddable":true,"href":"https:\/\/aqua-win.az\/index.php\/wp-json\/wp\/v2\/product_tag?post=16289"}],"curies":[{"name":"wp","href":"https:\/\/api.w.org\/{rel}","templated":true}]}}