{"id":16292,"date":"2025-03-05T12:11:41","date_gmt":"2025-03-05T12:11:41","guid":{"rendered":"https:\/\/aqua-win.az\/?post_type=product&#038;p=16292"},"modified":"2025-03-05T12:11:52","modified_gmt":"2025-03-05T12:11:52","slug":"adaptor","status":"publish","type":"product","link":"https:\/\/aqua-win.az\/index.php\/product\/adaptor\/","title":{"rendered":"Adaptor"},"content":{"rendered":"<p>Elektron 24V 1.5 A RO adaptoru qapal\u0131 su filtrl\u0259rind\u0259 hidroforu (nasosu) elektrik \u015f\u0259b\u0259k\u0259sin\u0259 qo\u015fmaq \u00fc\u00e7\u00fcn t\u0259tbiq edilir. Bu adaptor b\u00fct\u00fcn m\u0259hsullara uy\u011fun g\u0259lir. Bu elektron nasos adaptoru \u0259ks osmos nasoslar\u0131n\u0131n s\u0259m\u0259r\u0259li i\u015fl\u0259m\u0259si \u00fc\u00e7\u00fcn n\u0259z\u0259rd\u0259 tutulmu\u015fdur. Elektrik g\u0259rginliyinin d\u00fc\u015fm\u0259sind\u0259n minimal t\u0259sirl\u0259nir.<\/p>\n","protected":false},"excerpt":{"rendered":"<p>Elektron 24V 1.5 A RO adaptoru qapal\u0131 su filtrl\u0259rind\u0259 hidroforu (nasosu) elektrik \u015f\u0259b\u0259k\u0259sin\u0259 qo\u015fmaq \u00fc\u00e7\u00fcn t\u0259tbiq edilir. Bu adaptor b\u00fct\u00fcn<\/p>\n","protected":false},"featured_media":16293,"comment_status":"closed","ping_status":"closed","template":"","meta":[],"product_cat":[20],"product_tag":[],"class_list":{"0":"post-16292","1":"product","2":"type-product","3":"status-publish","4":"has-post-thumbnail","6":"product_cat-su-filteri-cihazi","8":"first","9":"instock","10":"shipping-taxable","11":"product-type-simple"},"_links":{"self":[{"href":"https:\/\/aqua-win.az\/index.php\/wp-json\/wp\/v2\/product\/16292","targetHints":{"allow":["GET"]}}],"collection":[{"href":"https:\/\/aqua-win.az\/index.php\/wp-json\/wp\/v2\/product"}],"about":[{"href":"https:\/\/aqua-win.az\/index.php\/wp-json\/wp\/v2\/types\/product"}],"replies":[{"embeddable":true,"href":"https:\/\/aqua-win.az\/index.php\/wp-json\/wp\/v2\/comments?post=16292"}],"version-history":[{"count":1,"href":"https:\/\/aqua-win.az\/index.php\/wp-json\/wp\/v2\/product\/16292\/revisions"}],"predecessor-version":[{"id":16294,"href":"https:\/\/aqua-win.az\/index.php\/wp-json\/wp\/v2\/product\/16292\/revisions\/16294"}],"wp:featuredmedia":[{"embeddable":true,"href":"https:\/\/aqua-win.az\/index.php\/wp-json\/wp\/v2\/media\/16293"}],"wp:attachment":[{"href":"https:\/\/aqua-win.az\/index.php\/wp-json\/wp\/v2\/media?parent=16292"}],"wp:term":[{"taxonomy":"product_cat","embeddable":true,"href":"https:\/\/aqua-win.az\/index.php\/wp-json\/wp\/v2\/product_cat?post=16292"},{"taxonomy":"product_tag","embeddable":true,"href":"https:\/\/aqua-win.az\/index.php\/wp-json\/wp\/v2\/product_tag?post=16292"}],"curies":[{"name":"wp","href":"https:\/\/api.w.org\/{rel}","templated":true}]}}