{"id":16295,"date":"2025-03-05T12:12:17","date_gmt":"2025-03-05T12:12:17","guid":{"rendered":"https:\/\/aqua-win.az\/?post_type=product&#038;p=16295"},"modified":"2025-03-05T12:12:29","modified_gmt":"2025-03-05T12:12:29","slug":"3-yollu-su-krani","status":"publish","type":"product","link":"https:\/\/aqua-win.az\/index.php\/product\/3-yollu-su-krani\/","title":{"rendered":"3 Yollu su kran\u0131"},"content":{"rendered":"<p>3 \u00c7\u0131x\u0131\u015fl\u0131 BFT Su Kran\u0131 h\u0259m isti su, h\u0259m soyuq su, h\u0259m d\u0259 \u0259g\u0259r su filtri varsa onun \u00fc\u00e7\u00fcn \u00e7\u0131x\u0131\u015fa malikdir. M\u0259hsul uzun\u00f6m\u00fcrl\u00fc poladdan haz\u0131rlan\u0131b. Su filtri qura\u015fd\u0131r\u0131lark\u0259n filtr \u00fc\u00e7\u00fcn \u0259lav\u0259 krana ehtiyac yoxdur. B\u00fct\u00fcn n\u00f6v ehtiyaclarda 3 \u00e7\u0131x\u0131\u015fl\u0131 su kran\u0131 kifay\u0259t edir. M\u0259hsulun keyfiyy\u0259tin\u0259 1 il m\u00fcdd\u0259tin\u0259 r\u0259smi z\u0259man\u0259t verilir. Bu kranlar T\u00fcrkiy\u0259 istehsal\u0131d\u0131r.<\/p>\n","protected":false},"excerpt":{"rendered":"<p>3 \u00c7\u0131x\u0131\u015fl\u0131 BFT Su Kran\u0131 h\u0259m isti su, h\u0259m soyuq su, h\u0259m d\u0259 \u0259g\u0259r su filtri varsa onun \u00fc\u00e7\u00fcn \u00e7\u0131x\u0131\u015fa<\/p>\n","protected":false},"featured_media":16296,"comment_status":"closed","ping_status":"closed","template":"","meta":[],"product_cat":[20],"product_tag":[],"class_list":{"0":"post-16295","1":"product","2":"type-product","3":"status-publish","4":"has-post-thumbnail","6":"product_cat-su-filteri-cihazi","8":"first","9":"instock","10":"shipping-taxable","11":"product-type-simple"},"_links":{"self":[{"href":"https:\/\/aqua-win.az\/index.php\/wp-json\/wp\/v2\/product\/16295","targetHints":{"allow":["GET"]}}],"collection":[{"href":"https:\/\/aqua-win.az\/index.php\/wp-json\/wp\/v2\/product"}],"about":[{"href":"https:\/\/aqua-win.az\/index.php\/wp-json\/wp\/v2\/types\/product"}],"replies":[{"embeddable":true,"href":"https:\/\/aqua-win.az\/index.php\/wp-json\/wp\/v2\/comments?post=16295"}],"version-history":[{"count":2,"href":"https:\/\/aqua-win.az\/index.php\/wp-json\/wp\/v2\/product\/16295\/revisions"}],"predecessor-version":[{"id":16298,"href":"https:\/\/aqua-win.az\/index.php\/wp-json\/wp\/v2\/product\/16295\/revisions\/16298"}],"wp:featuredmedia":[{"embeddable":true,"href":"https:\/\/aqua-win.az\/index.php\/wp-json\/wp\/v2\/media\/16296"}],"wp:attachment":[{"href":"https:\/\/aqua-win.az\/index.php\/wp-json\/wp\/v2\/media?parent=16295"}],"wp:term":[{"taxonomy":"product_cat","embeddable":true,"href":"https:\/\/aqua-win.az\/index.php\/wp-json\/wp\/v2\/product_cat?post=16295"},{"taxonomy":"product_tag","embeddable":true,"href":"https:\/\/aqua-win.az\/index.php\/wp-json\/wp\/v2\/product_tag?post=16295"}],"curies":[{"name":"wp","href":"https:\/\/api.w.org\/{rel}","templated":true}]}}