{"id":16302,"date":"2025-03-05T12:13:34","date_gmt":"2025-03-05T12:13:34","guid":{"rendered":"https:\/\/aqua-win.az\/?post_type=product&#038;p=16302"},"modified":"2025-03-05T12:13:48","modified_gmt":"2025-03-05T12:13:48","slug":"bio-seramik","status":"publish","type":"product","link":"https:\/\/aqua-win.az\/index.php\/product\/bio-seramik\/","title":{"rendered":"Bio Seramik"},"content":{"rendered":"<p>Suyun dadini v\u0259 qoxusunu yax\u015f\u0131la\u015fd\u0131r\u0131r; suyun insan orqanizmin\u0259 m\u00fcsb\u0259t t\u0259sirini art\u0131r\u0131r Madd\u0259l\u0259r m\u00fcbadil\u0259sini s\u00fcr\u0259tl\u0259ndirir Oksigenin suda h\u0259ll olunmas\u0131 prosesini s\u00fcr\u0259tl\u0259ndirir M\u0259nfi ionlar\u0131 xaric edir, immuniteti art\u0131r\u0131r Suyun emulsiya yaratmaq qabiliyy\u0259tini art\u0131r\u0131r<\/p>\n","protected":false},"excerpt":{"rendered":"<p>Suyun dadini v\u0259 qoxusunu yax\u015f\u0131la\u015fd\u0131r\u0131r; suyun insan orqanizmin\u0259 m\u00fcsb\u0259t t\u0259sirini art\u0131r\u0131r Madd\u0259l\u0259r m\u00fcbadil\u0259sini s\u00fcr\u0259tl\u0259ndirir Oksigenin suda h\u0259ll olunmas\u0131 prosesini s\u00fcr\u0259tl\u0259ndirir<\/p>\n","protected":false},"featured_media":16303,"comment_status":"closed","ping_status":"closed","template":"","meta":[],"product_cat":[20],"product_tag":[],"class_list":{"0":"post-16302","1":"product","2":"type-product","3":"status-publish","4":"has-post-thumbnail","6":"product_cat-su-filteri-cihazi","8":"first","9":"instock","10":"shipping-taxable","11":"product-type-simple"},"_links":{"self":[{"href":"https:\/\/aqua-win.az\/index.php\/wp-json\/wp\/v2\/product\/16302","targetHints":{"allow":["GET"]}}],"collection":[{"href":"https:\/\/aqua-win.az\/index.php\/wp-json\/wp\/v2\/product"}],"about":[{"href":"https:\/\/aqua-win.az\/index.php\/wp-json\/wp\/v2\/types\/product"}],"replies":[{"embeddable":true,"href":"https:\/\/aqua-win.az\/index.php\/wp-json\/wp\/v2\/comments?post=16302"}],"version-history":[{"count":1,"href":"https:\/\/aqua-win.az\/index.php\/wp-json\/wp\/v2\/product\/16302\/revisions"}],"predecessor-version":[{"id":16304,"href":"https:\/\/aqua-win.az\/index.php\/wp-json\/wp\/v2\/product\/16302\/revisions\/16304"}],"wp:featuredmedia":[{"embeddable":true,"href":"https:\/\/aqua-win.az\/index.php\/wp-json\/wp\/v2\/media\/16303"}],"wp:attachment":[{"href":"https:\/\/aqua-win.az\/index.php\/wp-json\/wp\/v2\/media?parent=16302"}],"wp:term":[{"taxonomy":"product_cat","embeddable":true,"href":"https:\/\/aqua-win.az\/index.php\/wp-json\/wp\/v2\/product_cat?post=16302"},{"taxonomy":"product_tag","embeddable":true,"href":"https:\/\/aqua-win.az\/index.php\/wp-json\/wp\/v2\/product_tag?post=16302"}],"curies":[{"name":"wp","href":"https:\/\/api.w.org\/{rel}","templated":true}]}}