{"id":16308,"date":"2025-03-05T12:14:53","date_gmt":"2025-03-05T12:14:53","guid":{"rendered":"https:\/\/aqua-win.az\/?post_type=product&#038;p=16308"},"modified":"2025-03-05T12:15:54","modified_gmt":"2025-03-05T12:15:54","slug":"cen-10-l","status":"publish","type":"product","link":"https:\/\/aqua-win.az\/index.php\/product\/cen-10-l\/","title":{"rendered":"\u00c7\u0259n 10 l"},"content":{"rendered":"<p>Su \u00e7\u0259ni su t\u0259mizl\u0259yici filtrl\u0259rd\u0259 t\u0259mizl\u0259nmi\u015f suyun ehtiyatda depolanmas\u0131 \u00fc\u00e7\u00fcn istifad\u0259 olunur. 6 litrd\u0259n 80 litr h\u0259cmin\u0259 q\u0259d\u0259r n\u00f6vl\u0259ri m\u00f6vcuddur. (\u015e\u0259kild\u0259ki \u2013 12litr) Filtr \u00e7\u0259ninin daxili antibakterial saf polipropilen t\u0259b\u0259q\u0259 il\u0259 \u00f6rt\u00fclm\u00fc\u015fd\u00fcr. \u00c7\u00f6l hiss\u0259si paslanmaz polad materialdan istehsal edilib. Su filtri \u00e7\u0259ninin daxilind\u0259 suyun normal t\u0259zyiql\u0259 g\u0259lm\u0259si \u00fc\u00e7\u00fcn s\u0131x\u0131lm\u0131\u015f hava balonu da yerl\u0259\u015fdirilib.<\/p>\n","protected":false},"excerpt":{"rendered":"<p>Su \u00e7\u0259ni su t\u0259mizl\u0259yici filtrl\u0259rd\u0259 t\u0259mizl\u0259nmi\u015f suyun ehtiyatda depolanmas\u0131 \u00fc\u00e7\u00fcn istifad\u0259 olunur. 6 litrd\u0259n 80 litr h\u0259cmin\u0259 q\u0259d\u0259r n\u00f6vl\u0259ri m\u00f6vcuddur.<\/p>\n","protected":false},"featured_media":16309,"comment_status":"closed","ping_status":"closed","template":"","meta":[],"product_cat":[20],"product_tag":[],"class_list":{"0":"post-16308","1":"product","2":"type-product","3":"status-publish","4":"has-post-thumbnail","6":"product_cat-su-filteri-cihazi","8":"first","9":"instock","10":"shipping-taxable","11":"product-type-simple"},"_links":{"self":[{"href":"https:\/\/aqua-win.az\/index.php\/wp-json\/wp\/v2\/product\/16308","targetHints":{"allow":["GET"]}}],"collection":[{"href":"https:\/\/aqua-win.az\/index.php\/wp-json\/wp\/v2\/product"}],"about":[{"href":"https:\/\/aqua-win.az\/index.php\/wp-json\/wp\/v2\/types\/product"}],"replies":[{"embeddable":true,"href":"https:\/\/aqua-win.az\/index.php\/wp-json\/wp\/v2\/comments?post=16308"}],"version-history":[{"count":1,"href":"https:\/\/aqua-win.az\/index.php\/wp-json\/wp\/v2\/product\/16308\/revisions"}],"predecessor-version":[{"id":16310,"href":"https:\/\/aqua-win.az\/index.php\/wp-json\/wp\/v2\/product\/16308\/revisions\/16310"}],"wp:featuredmedia":[{"embeddable":true,"href":"https:\/\/aqua-win.az\/index.php\/wp-json\/wp\/v2\/media\/16309"}],"wp:attachment":[{"href":"https:\/\/aqua-win.az\/index.php\/wp-json\/wp\/v2\/media?parent=16308"}],"wp:term":[{"taxonomy":"product_cat","embeddable":true,"href":"https:\/\/aqua-win.az\/index.php\/wp-json\/wp\/v2\/product_cat?post=16308"},{"taxonomy":"product_tag","embeddable":true,"href":"https:\/\/aqua-win.az\/index.php\/wp-json\/wp\/v2\/product_tag?post=16308"}],"curies":[{"name":"wp","href":"https:\/\/api.w.org\/{rel}","templated":true}]}}