{"id":16311,"date":"2025-03-05T12:15:35","date_gmt":"2025-03-05T12:15:35","guid":{"rendered":"https:\/\/aqua-win.az\/?post_type=product&#038;p=16311"},"modified":"2025-03-05T12:15:46","modified_gmt":"2025-03-05T12:15:46","slug":"domestic-membran-80","status":"publish","type":"product","link":"https:\/\/aqua-win.az\/index.php\/product\/domestic-membran-80\/","title":{"rendered":"Domestic membran 80"},"content":{"rendered":"<p>Membran \u0259ks-osmos su filtrl\u0259rinin \u0259sas t\u0259mizl\u0259yici filtridir. Bu filtr \u0259ks-osmos elementidir. Membran\u0131n funksiyas\u0131 suda olan z\u0259r\u0259rli mikroorqanizml\u0259rin, viruslar\u0131n, a\u011f\u0131r metallar\u0131n aradan qald\u0131r\u0131lmas\u0131d\u0131r. Ona g\u00f6r\u0259 d\u0259 membran \u0259n vacib filtr hesab olunur. Membran \u0259sas filtr v\u0259 ana filtr olaraq da adland\u0131r\u0131l\u0131r. Membran\u0131n m\u0259sam\u0259si 5-7 angstrondur (1 angstron = 0.000001 mm) Membranlar\u0131n istifad\u0259 m\u00fcdd\u0259ti 2 ildir.<\/p>\n","protected":false},"excerpt":{"rendered":"<p>Membran \u0259ks-osmos su filtrl\u0259rinin \u0259sas t\u0259mizl\u0259yici filtridir. Bu filtr \u0259ks-osmos elementidir. Membran\u0131n funksiyas\u0131 suda olan z\u0259r\u0259rli mikroorqanizml\u0259rin, viruslar\u0131n, a\u011f\u0131r metallar\u0131n<\/p>\n","protected":false},"featured_media":16312,"comment_status":"closed","ping_status":"closed","template":"","meta":[],"product_cat":[20],"product_tag":[],"class_list":{"0":"post-16311","1":"product","2":"type-product","3":"status-publish","4":"has-post-thumbnail","6":"product_cat-su-filteri-cihazi","8":"first","9":"instock","10":"shipping-taxable","11":"product-type-simple"},"_links":{"self":[{"href":"https:\/\/aqua-win.az\/index.php\/wp-json\/wp\/v2\/product\/16311","targetHints":{"allow":["GET"]}}],"collection":[{"href":"https:\/\/aqua-win.az\/index.php\/wp-json\/wp\/v2\/product"}],"about":[{"href":"https:\/\/aqua-win.az\/index.php\/wp-json\/wp\/v2\/types\/product"}],"replies":[{"embeddable":true,"href":"https:\/\/aqua-win.az\/index.php\/wp-json\/wp\/v2\/comments?post=16311"}],"version-history":[{"count":2,"href":"https:\/\/aqua-win.az\/index.php\/wp-json\/wp\/v2\/product\/16311\/revisions"}],"predecessor-version":[{"id":16314,"href":"https:\/\/aqua-win.az\/index.php\/wp-json\/wp\/v2\/product\/16311\/revisions\/16314"}],"wp:featuredmedia":[{"embeddable":true,"href":"https:\/\/aqua-win.az\/index.php\/wp-json\/wp\/v2\/media\/16312"}],"wp:attachment":[{"href":"https:\/\/aqua-win.az\/index.php\/wp-json\/wp\/v2\/media?parent=16311"}],"wp:term":[{"taxonomy":"product_cat","embeddable":true,"href":"https:\/\/aqua-win.az\/index.php\/wp-json\/wp\/v2\/product_cat?post=16311"},{"taxonomy":"product_tag","embeddable":true,"href":"https:\/\/aqua-win.az\/index.php\/wp-json\/wp\/v2\/product_tag?post=16311"}],"curies":[{"name":"wp","href":"https:\/\/api.w.org\/{rel}","templated":true}]}}