{"id":16318,"date":"2025-03-05T12:17:41","date_gmt":"2025-03-05T12:17:41","guid":{"rendered":"https:\/\/aqua-win.az\/?post_type=product&#038;p=16318"},"modified":"2025-03-05T12:23:14","modified_gmt":"2025-03-05T12:23:14","slug":"carbon-filtr","status":"publish","type":"product","link":"https:\/\/aqua-win.az\/index.php\/product\/carbon-filtr\/","title":{"rendered":"Carbon Filtr"},"content":{"rendered":"<p>Son karbon filtr v\u0259 ya dig\u0259r ad\u0131 il\u0259 kokos filtr suyun t\u0259z\u0259liyini v\u0259 t\u0259rav\u0259tini normada saxlamaq funksiyas\u0131n\u0131 yerin\u0259 yetirir. T\u0259rkibi aktivl\u0259\u015fdirilmi\u015f karbon v\u0259 g\u00fcm\u00fc\u015f ionlar\u0131 il\u0259 z\u0259ngindir. Bu s\u0259b\u0259bd\u0259n g\u00fcm\u00fc\u015f filtr olaraq da bilinir. Su filtrl\u0259rind\u0259 5-ci m\u0259rh\u0259l\u0259 olaraq istifad\u0259 edilm\u0259si vacibdir.<\/p>\n","protected":false},"excerpt":{"rendered":"<p>Son karbon filtr v\u0259 ya dig\u0259r ad\u0131 il\u0259 kokos filtr suyun t\u0259z\u0259liyini v\u0259 t\u0259rav\u0259tini normada saxlamaq funksiyas\u0131n\u0131 yerin\u0259 yetirir. T\u0259rkibi<\/p>\n","protected":false},"featured_media":16319,"comment_status":"closed","ping_status":"closed","template":"","meta":[],"product_cat":[20],"product_tag":[],"class_list":{"0":"post-16318","1":"product","2":"type-product","3":"status-publish","4":"has-post-thumbnail","6":"product_cat-su-filteri-cihazi","8":"first","9":"instock","10":"shipping-taxable","11":"purchasable","12":"product-type-simple"},"_links":{"self":[{"href":"https:\/\/aqua-win.az\/index.php\/wp-json\/wp\/v2\/product\/16318","targetHints":{"allow":["GET"]}}],"collection":[{"href":"https:\/\/aqua-win.az\/index.php\/wp-json\/wp\/v2\/product"}],"about":[{"href":"https:\/\/aqua-win.az\/index.php\/wp-json\/wp\/v2\/types\/product"}],"replies":[{"embeddable":true,"href":"https:\/\/aqua-win.az\/index.php\/wp-json\/wp\/v2\/comments?post=16318"}],"version-history":[{"count":1,"href":"https:\/\/aqua-win.az\/index.php\/wp-json\/wp\/v2\/product\/16318\/revisions"}],"predecessor-version":[{"id":16320,"href":"https:\/\/aqua-win.az\/index.php\/wp-json\/wp\/v2\/product\/16318\/revisions\/16320"}],"wp:featuredmedia":[{"embeddable":true,"href":"https:\/\/aqua-win.az\/index.php\/wp-json\/wp\/v2\/media\/16319"}],"wp:attachment":[{"href":"https:\/\/aqua-win.az\/index.php\/wp-json\/wp\/v2\/media?parent=16318"}],"wp:term":[{"taxonomy":"product_cat","embeddable":true,"href":"https:\/\/aqua-win.az\/index.php\/wp-json\/wp\/v2\/product_cat?post=16318"},{"taxonomy":"product_tag","embeddable":true,"href":"https:\/\/aqua-win.az\/index.php\/wp-json\/wp\/v2\/product_tag?post=16318"}],"curies":[{"name":"wp","href":"https:\/\/api.w.org\/{rel}","templated":true}]}}