{"id":16321,"date":"2025-03-05T12:19:28","date_gmt":"2025-03-05T12:19:28","guid":{"rendered":"https:\/\/aqua-win.az\/?post_type=product&#038;p=16321"},"modified":"2025-03-05T12:23:23","modified_gmt":"2025-03-05T12:23:23","slug":"gac-filtr","status":"publish","type":"product","link":"https:\/\/aqua-win.az\/index.php\/product\/gac-filtr\/","title":{"rendered":"Gac Filtr"},"content":{"rendered":"<p>\u0130nline x\u0131rdalanm\u0131\u015f (GAC) aktiv karbon (k\u00f6m\u00fcr) filtr \u2013 toz hal\u0131nda olan aktivl\u0259\u015fdirilmi\u015f k\u00f6m\u00fcr d\u0259n\u0259cikl\u0259rind\u0259n ibar\u0259tdir. Bu filtrin \u0259sas funksiyas\u0131 suyun t\u0259rkibind\u0259ki xloru aradan qald\u0131rmaqd\u0131<\/p>\n","protected":false},"excerpt":{"rendered":"<p>\u0130nline x\u0131rdalanm\u0131\u015f (GAC) aktiv karbon (k\u00f6m\u00fcr) filtr \u2013 toz hal\u0131nda olan aktivl\u0259\u015fdirilmi\u015f k\u00f6m\u00fcr d\u0259n\u0259cikl\u0259rind\u0259n ibar\u0259tdir. Bu filtrin \u0259sas funksiyas\u0131 suyun<\/p>\n","protected":false},"featured_media":16322,"comment_status":"closed","ping_status":"closed","template":"","meta":[],"product_cat":[20],"product_tag":[],"class_list":{"0":"post-16321","1":"product","2":"type-product","3":"status-publish","4":"has-post-thumbnail","6":"product_cat-su-filteri-cihazi","8":"first","9":"instock","10":"shipping-taxable","11":"product-type-simple"},"_links":{"self":[{"href":"https:\/\/aqua-win.az\/index.php\/wp-json\/wp\/v2\/product\/16321","targetHints":{"allow":["GET"]}}],"collection":[{"href":"https:\/\/aqua-win.az\/index.php\/wp-json\/wp\/v2\/product"}],"about":[{"href":"https:\/\/aqua-win.az\/index.php\/wp-json\/wp\/v2\/types\/product"}],"replies":[{"embeddable":true,"href":"https:\/\/aqua-win.az\/index.php\/wp-json\/wp\/v2\/comments?post=16321"}],"version-history":[{"count":1,"href":"https:\/\/aqua-win.az\/index.php\/wp-json\/wp\/v2\/product\/16321\/revisions"}],"predecessor-version":[{"id":16323,"href":"https:\/\/aqua-win.az\/index.php\/wp-json\/wp\/v2\/product\/16321\/revisions\/16323"}],"wp:featuredmedia":[{"embeddable":true,"href":"https:\/\/aqua-win.az\/index.php\/wp-json\/wp\/v2\/media\/16322"}],"wp:attachment":[{"href":"https:\/\/aqua-win.az\/index.php\/wp-json\/wp\/v2\/media?parent=16321"}],"wp:term":[{"taxonomy":"product_cat","embeddable":true,"href":"https:\/\/aqua-win.az\/index.php\/wp-json\/wp\/v2\/product_cat?post=16321"},{"taxonomy":"product_tag","embeddable":true,"href":"https:\/\/aqua-win.az\/index.php\/wp-json\/wp\/v2\/product_tag?post=16321"}],"curies":[{"name":"wp","href":"https:\/\/api.w.org\/{rel}","templated":true}]}}