{"id":16327,"date":"2025-03-05T12:20:36","date_gmt":"2025-03-05T12:20:36","guid":{"rendered":"https:\/\/aqua-win.az\/?post_type=product&#038;p=16327"},"modified":"2025-03-05T12:23:32","modified_gmt":"2025-03-05T12:23:32","slug":"kr-gold-02-filtr","status":"publish","type":"product","link":"https:\/\/aqua-win.az\/index.php\/product\/kr-gold-02-filtr\/","title":{"rendered":"KR Gold \u2013 02 Filtr"},"content":{"rendered":"<p>Su filtri kran\u0131 qur\u011fulardan t\u0259miz suyu g\u00f6t\u00fcrm\u0259k \u00fc\u00e7\u00fcn istifad\u0259 olunur. D\u0259zgah\u0131n \u00fcz\u0259rind\u0259 qura\u015fd\u0131r\u0131l\u0131r v\u0259 t\u0259k qolu vasit\u0259sil\u0259 istifad\u0259 olunur. Bu kran x\u00fcsusi estetik g\u00f6r\u00fcn\u00fc\u015f\u0259 malikdir. B\u00fct\u00fcn n\u00f6v \u018fks osmos tipli su t\u0259mizl\u0259m\u0259 sisteml\u0259rinin \u00e7\u0131x\u0131\u015f\u0131na qura\u015fd\u0131rmaq m\u00fcmk\u00fcnd\u00fcr.<\/p>\n","protected":false},"excerpt":{"rendered":"<p>Su filtri kran\u0131 qur\u011fulardan t\u0259miz suyu g\u00f6t\u00fcrm\u0259k \u00fc\u00e7\u00fcn istifad\u0259 olunur. D\u0259zgah\u0131n \u00fcz\u0259rind\u0259 qura\u015fd\u0131r\u0131l\u0131r v\u0259 t\u0259k qolu vasit\u0259sil\u0259 istifad\u0259 olunur. Bu<\/p>\n","protected":false},"featured_media":16328,"comment_status":"closed","ping_status":"closed","template":"","meta":[],"product_cat":[20],"product_tag":[],"class_list":{"0":"post-16327","1":"product","2":"type-product","3":"status-publish","4":"has-post-thumbnail","6":"product_cat-su-filteri-cihazi","8":"first","9":"instock","10":"shipping-taxable","11":"product-type-simple"},"_links":{"self":[{"href":"https:\/\/aqua-win.az\/index.php\/wp-json\/wp\/v2\/product\/16327","targetHints":{"allow":["GET"]}}],"collection":[{"href":"https:\/\/aqua-win.az\/index.php\/wp-json\/wp\/v2\/product"}],"about":[{"href":"https:\/\/aqua-win.az\/index.php\/wp-json\/wp\/v2\/types\/product"}],"replies":[{"embeddable":true,"href":"https:\/\/aqua-win.az\/index.php\/wp-json\/wp\/v2\/comments?post=16327"}],"version-history":[{"count":1,"href":"https:\/\/aqua-win.az\/index.php\/wp-json\/wp\/v2\/product\/16327\/revisions"}],"predecessor-version":[{"id":16329,"href":"https:\/\/aqua-win.az\/index.php\/wp-json\/wp\/v2\/product\/16327\/revisions\/16329"}],"wp:featuredmedia":[{"embeddable":true,"href":"https:\/\/aqua-win.az\/index.php\/wp-json\/wp\/v2\/media\/16328"}],"wp:attachment":[{"href":"https:\/\/aqua-win.az\/index.php\/wp-json\/wp\/v2\/media?parent=16327"}],"wp:term":[{"taxonomy":"product_cat","embeddable":true,"href":"https:\/\/aqua-win.az\/index.php\/wp-json\/wp\/v2\/product_cat?post=16327"},{"taxonomy":"product_tag","embeddable":true,"href":"https:\/\/aqua-win.az\/index.php\/wp-json\/wp\/v2\/product_tag?post=16327"}],"curies":[{"name":"wp","href":"https:\/\/api.w.org\/{rel}","templated":true}]}}