{"id":16334,"date":"2025-03-05T12:21:45","date_gmt":"2025-03-05T12:21:45","guid":{"rendered":"https:\/\/aqua-win.az\/?post_type=product&#038;p=16334"},"modified":"2025-03-05T12:23:42","modified_gmt":"2025-03-05T12:23:42","slug":"inline-carbon-20-inc","status":"publish","type":"product","link":"https:\/\/aqua-win.az\/index.php\/product\/inline-carbon-20-inc\/","title":{"rendered":"Inline carbon ( 20 inc )"},"content":{"rendered":"<p>Presl\u0259nmi\u015f(CTO) aktiv karbon filtr \u2013 presl\u0259nmi\u015f halda olan aktiv karbon elementind\u0259n ibar\u0259tdir. Bu filtr is\u0259 suyun t\u0259rkibind\u0259ki xlor v\u0259 dig\u0259r halogenli birl\u0259\u015fm\u0259l\u0259ri, qoxunu, ya\u011fl\u0131l\u0131\u011f\u0131 v\u0259 r\u0259ngi aradan qald\u0131r\u0131r.<\/p>\n","protected":false},"excerpt":{"rendered":"<p>Presl\u0259nmi\u015f(CTO) aktiv karbon filtr \u2013 presl\u0259nmi\u015f halda olan aktiv karbon elementind\u0259n ibar\u0259tdir. Bu filtr is\u0259 suyun t\u0259rkibind\u0259ki xlor v\u0259 dig\u0259r<\/p>\n","protected":false},"featured_media":16335,"comment_status":"closed","ping_status":"closed","template":"","meta":[],"product_cat":[20],"product_tag":[],"class_list":{"0":"post-16334","1":"product","2":"type-product","3":"status-publish","4":"has-post-thumbnail","6":"product_cat-su-filteri-cihazi","8":"first","9":"instock","10":"shipping-taxable","11":"product-type-simple"},"_links":{"self":[{"href":"https:\/\/aqua-win.az\/index.php\/wp-json\/wp\/v2\/product\/16334","targetHints":{"allow":["GET"]}}],"collection":[{"href":"https:\/\/aqua-win.az\/index.php\/wp-json\/wp\/v2\/product"}],"about":[{"href":"https:\/\/aqua-win.az\/index.php\/wp-json\/wp\/v2\/types\/product"}],"replies":[{"embeddable":true,"href":"https:\/\/aqua-win.az\/index.php\/wp-json\/wp\/v2\/comments?post=16334"}],"version-history":[{"count":1,"href":"https:\/\/aqua-win.az\/index.php\/wp-json\/wp\/v2\/product\/16334\/revisions"}],"predecessor-version":[{"id":16336,"href":"https:\/\/aqua-win.az\/index.php\/wp-json\/wp\/v2\/product\/16334\/revisions\/16336"}],"wp:featuredmedia":[{"embeddable":true,"href":"https:\/\/aqua-win.az\/index.php\/wp-json\/wp\/v2\/media\/16335"}],"wp:attachment":[{"href":"https:\/\/aqua-win.az\/index.php\/wp-json\/wp\/v2\/media?parent=16334"}],"wp:term":[{"taxonomy":"product_cat","embeddable":true,"href":"https:\/\/aqua-win.az\/index.php\/wp-json\/wp\/v2\/product_cat?post=16334"},{"taxonomy":"product_tag","embeddable":true,"href":"https:\/\/aqua-win.az\/index.php\/wp-json\/wp\/v2\/product_tag?post=16334"}],"curies":[{"name":"wp","href":"https:\/\/api.w.org\/{rel}","templated":true}]}}