{"id":16337,"date":"2025-03-05T12:22:08","date_gmt":"2025-03-05T12:22:08","guid":{"rendered":"https:\/\/aqua-win.az\/?post_type=product&#038;p=16337"},"modified":"2025-03-05T12:23:46","modified_gmt":"2025-03-05T12:23:46","slug":"mexaniki-filtr-1li-10-inc","status":"publish","type":"product","link":"https:\/\/aqua-win.az\/index.php\/product\/mexaniki-filtr-1li-10-inc\/","title":{"rendered":"Mexaniki filtr 1li (10 inc )"},"content":{"rendered":"<p>Atlas mexaniki su t\u0259mizl\u0259yici filtri \u00fcmumi su x\u0259ttin\u0259 qo\u015fulur.\u00d6l\u00e7\u00fcs\u00fc: En-14.5sm, h\u00fcnd\u00fcrl\u00fck-37.5sm\/32.5sm\u0130\u00e7\u0259risin\u0259 ad\u0259t\u0259n sediment (pamb\u0131q) filtr v\u0259 karbon filtr yerl\u0259\u015fdirilir.Suda olan xlor v\u0259 xlor birl\u0259\u015fm\u0259l\u0259ri, qum, pal\u00e7\u0131q v\u0259 dig\u0259r iri madd\u0259l\u0259ri aradan qald\u0131r\u0131r.T\u0259zyiq\u0259 t\u0259sir etmir.Suyun v\u0259ziyy\u0259tind\u0259n as\u0131l\u0131 olaraq filtrl\u0259rini 1-6 ay aral\u0131\u011f\u0131nda yenil\u0259m\u0259k laz\u0131md\u0131r.<\/p>\n","protected":false},"excerpt":{"rendered":"<p>Atlas mexaniki su t\u0259mizl\u0259yici filtri \u00fcmumi su x\u0259ttin\u0259 qo\u015fulur.\u00d6l\u00e7\u00fcs\u00fc: En-14.5sm, h\u00fcnd\u00fcrl\u00fck-37.5sm\/32.5sm\u0130\u00e7\u0259risin\u0259 ad\u0259t\u0259n sediment (pamb\u0131q) filtr v\u0259 karbon filtr yerl\u0259\u015fdirilir.Suda olan<\/p>\n","protected":false},"featured_media":16338,"comment_status":"closed","ping_status":"closed","template":"","meta":[],"product_cat":[20],"product_tag":[],"class_list":{"0":"post-16337","1":"product","2":"type-product","3":"status-publish","4":"has-post-thumbnail","6":"product_cat-su-filteri-cihazi","8":"first","9":"instock","10":"shipping-taxable","11":"product-type-simple"},"_links":{"self":[{"href":"https:\/\/aqua-win.az\/index.php\/wp-json\/wp\/v2\/product\/16337","targetHints":{"allow":["GET"]}}],"collection":[{"href":"https:\/\/aqua-win.az\/index.php\/wp-json\/wp\/v2\/product"}],"about":[{"href":"https:\/\/aqua-win.az\/index.php\/wp-json\/wp\/v2\/types\/product"}],"replies":[{"embeddable":true,"href":"https:\/\/aqua-win.az\/index.php\/wp-json\/wp\/v2\/comments?post=16337"}],"version-history":[{"count":1,"href":"https:\/\/aqua-win.az\/index.php\/wp-json\/wp\/v2\/product\/16337\/revisions"}],"predecessor-version":[{"id":16339,"href":"https:\/\/aqua-win.az\/index.php\/wp-json\/wp\/v2\/product\/16337\/revisions\/16339"}],"wp:featuredmedia":[{"embeddable":true,"href":"https:\/\/aqua-win.az\/index.php\/wp-json\/wp\/v2\/media\/16338"}],"wp:attachment":[{"href":"https:\/\/aqua-win.az\/index.php\/wp-json\/wp\/v2\/media?parent=16337"}],"wp:term":[{"taxonomy":"product_cat","embeddable":true,"href":"https:\/\/aqua-win.az\/index.php\/wp-json\/wp\/v2\/product_cat?post=16337"},{"taxonomy":"product_tag","embeddable":true,"href":"https:\/\/aqua-win.az\/index.php\/wp-json\/wp\/v2\/product_tag?post=16337"}],"curies":[{"name":"wp","href":"https:\/\/api.w.org\/{rel}","templated":true}]}}