{"id":16340,"date":"2025-03-05T12:22:30","date_gmt":"2025-03-05T12:22:30","guid":{"rendered":"https:\/\/aqua-win.az\/?post_type=product&#038;p=16340"},"modified":"2025-03-05T12:23:51","modified_gmt":"2025-03-05T12:23:51","slug":"motor-diaphragm-lf30-75-gpd","status":"publish","type":"product","link":"https:\/\/aqua-win.az\/index.php\/product\/motor-diaphragm-lf30-75-gpd\/","title":{"rendered":"Motor DIAPHRAGM LF30\/ 75 Gpd"},"content":{"rendered":"<p>Hidrofor(su nasosu) 75-100 GPD su t\u0259mizl\u0259m\u0259 cihazlar\u0131nda su t\u0259zyiqinin a\u015fa\u011f\u0131 oldu\u011fu evl\u0259rd\u0259 t\u0259zyiqi art\u0131rmaq \u00fc\u00e7\u00fcn istifad\u0259 olunur. Hidroforlu su t\u0259mizl\u0259yicil\u0259ri 1-ci m\u0259rt\u0259b\u0259d\u0259n sonrak\u0131 m\u0259rt\u0259b\u0259l\u0259r \u00fc\u00e7\u00fcn faydal\u0131d\u0131r.\u00a0Bu su nasosu 120 psi, 24 volt v\u0259 1,2 amperlik osmos nasosudur. \u018fks osmos sisteml\u0259rind\u0259 t\u0259tbiq olunmal\u0131d\u0131r. \u0130\u015fl\u0259m\u0259si \u00fc\u00e7\u00fcn m\u00fcvafiq adaptorla \u015f\u0259b\u0259k\u0259y\u0259 qo\u015fulmal\u0131d\u0131<\/p>\n","protected":false},"excerpt":{"rendered":"<p>Hidrofor(su nasosu) 75-100 GPD su t\u0259mizl\u0259m\u0259 cihazlar\u0131nda su t\u0259zyiqinin a\u015fa\u011f\u0131 oldu\u011fu evl\u0259rd\u0259 t\u0259zyiqi art\u0131rmaq \u00fc\u00e7\u00fcn istifad\u0259 olunur. Hidroforlu su t\u0259mizl\u0259yicil\u0259ri<\/p>\n","protected":false},"featured_media":16341,"comment_status":"closed","ping_status":"closed","template":"","meta":[],"product_cat":[20],"product_tag":[],"class_list":{"0":"post-16340","1":"product","2":"type-product","3":"status-publish","4":"has-post-thumbnail","6":"product_cat-su-filteri-cihazi","8":"first","9":"instock","10":"shipping-taxable","11":"product-type-simple"},"_links":{"self":[{"href":"https:\/\/aqua-win.az\/index.php\/wp-json\/wp\/v2\/product\/16340","targetHints":{"allow":["GET"]}}],"collection":[{"href":"https:\/\/aqua-win.az\/index.php\/wp-json\/wp\/v2\/product"}],"about":[{"href":"https:\/\/aqua-win.az\/index.php\/wp-json\/wp\/v2\/types\/product"}],"replies":[{"embeddable":true,"href":"https:\/\/aqua-win.az\/index.php\/wp-json\/wp\/v2\/comments?post=16340"}],"version-history":[{"count":1,"href":"https:\/\/aqua-win.az\/index.php\/wp-json\/wp\/v2\/product\/16340\/revisions"}],"predecessor-version":[{"id":16342,"href":"https:\/\/aqua-win.az\/index.php\/wp-json\/wp\/v2\/product\/16340\/revisions\/16342"}],"wp:featuredmedia":[{"embeddable":true,"href":"https:\/\/aqua-win.az\/index.php\/wp-json\/wp\/v2\/media\/16341"}],"wp:attachment":[{"href":"https:\/\/aqua-win.az\/index.php\/wp-json\/wp\/v2\/media?parent=16340"}],"wp:term":[{"taxonomy":"product_cat","embeddable":true,"href":"https:\/\/aqua-win.az\/index.php\/wp-json\/wp\/v2\/product_cat?post=16340"},{"taxonomy":"product_tag","embeddable":true,"href":"https:\/\/aqua-win.az\/index.php\/wp-json\/wp\/v2\/product_tag?post=16340"}],"curies":[{"name":"wp","href":"https:\/\/api.w.org\/{rel}","templated":true}]}}